{"id":442,"date":"2020-01-09T18:21:30","date_gmt":"2020-01-09T18:21:30","guid":{"rendered":"https:\/\/reika.fi\/?page_id=442"},"modified":"2020-09-02T17:28:52","modified_gmt":"2020-09-02T17:28:52","slug":"windmills","status":"publish","type":"page","link":"https:\/\/reika.fi\/index.php\/windmills\/","title":{"rendered":"Windmill-Projects"},"content":{"rendered":"\n<style>#jtg-565-671 .item .jtg-social a { color: #ffffff }#jtg-565-671 .item .caption { background-color: #ffffff;  }#jtg-565-671 .item .figc {color:#ffffff;}#jtg-565-671 .item { transform: scale(1); }#jtg-565-671 .items { width:100%; height:800px; }#jtg-565-671 .items .figc p.description { color:#ffffff;font-size:14px; }#jtg-565-671 .items .figc h2.jtg-title { color:#ffffff; }<\/style>\n<div id=\"jtg-565-671\" class=\"modula modula-gallery \" data-config=\"{&quot;margin&quot;:10,&quot;enableTwitter&quot;:true,&quot;enableFacebook&quot;:true,&quot;enablePinterest&quot;:true,&quot;enableGplus&quot;:true,&quot;randomFactor&quot;:0.5,&quot;type&quot;:&quot;creative-gallery&quot;,&quot;columns&quot;:12,&quot;gutter&quot;:10,&quot;enableResponsive&quot;:&quot;0&quot;,&quot;tabletColumns&quot;:&quot;2&quot;,&quot;mobileColumns&quot;:&quot;1&quot;,&quot;lazyLoad&quot;:&quot;0&quot;}\">\n\n\t\n\t<div class='items'>\n\t\t<div class=\"item effect-pufrobo\" >\n\n\t\n\t\t\t<a href=\"https:\/\/reika.fi\/wp-content\/uploads\/2020\/09\/Iltaohjelma-scaled.jpg\" title=\"\" data-lightbox=\"jtg-565-671\" class=\"tile-inner\"><\/a>\n\t\n\t\n\t<img decoding=\"async\" class='pic' data-valign=\"middle\" data-halign=\"center\" alt=\"\" src=\"https:\/\/reika.fi\/wp-content\/uploads\/2020\/09\/Iltaohjelma-scaled-500x99999.jpg\" data-src=\"https:\/\/reika.fi\/wp-content\/uploads\/2020\/09\/Iltaohjelma-scaled-500x99999.jpg\"\/>\n\n\t\n\t<div class=\"figc no-title no-description\">\n\t\t<div class=\"figc-inner\">\n\t\t\t\t\t\t\t<h2 class='jtg-title'><\/h2>\n\t\t\t\t\t\t\t\t\t\t<p class=\"description\"><\/p>\n\t\t\t\t\t\t\t\t\t<div class=\"jtg-social\">\n\t\t\t\t\t\t\t\t<a class=\"modula-icon-twitter\" href=\"#\"><svg aria-hidden=\"true\" data-prefix=\"fab\" data-icon=\"twitter\" class=\"svg-inline--fa fa-twitter fa-w-16\" role=\"img\" xmlns=\"http:\/\/www.w3.org\/2000\/svg\" viewBox=\"0 0 512 512\"><path fill=\"currentColor\" d=\"M459.37 151.716c.325 4.548.325 9.097.325 13.645 0 138.72-105.583 298.558-298.558 298.558-59.452 0-114.68-17.219-161.137-47.106 8.447.974 16.568 1.299 25.34 1.299 49.055 0 94.213-16.568 130.274-44.832-46.132-.975-84.792-31.188-98.112-72.772 6.498.974 12.995 1.624 19.818 1.624 9.421 0 18.843-1.3 27.614-3.573-48.081-9.747-84.143-51.98-84.143-102.985v-1.299c13.969 7.797 30.214 12.67 47.431 13.319-28.264-18.843-46.781-51.005-46.781-87.391 0-19.492 5.197-37.36 14.294-52.954 51.655 63.675 129.3 105.258 216.365 109.807-1.624-7.797-2.599-15.918-2.599-24.04 0-57.828 46.782-104.934 104.934-104.934 30.213 0 57.502 12.67 76.67 33.137 23.715-4.548 46.456-13.32 66.599-25.34-7.798 24.366-24.366 44.833-46.132 57.827 21.117-2.273 41.584-8.122 60.426-16.243-14.292 20.791-32.161 39.308-52.628 54.253z\"><\/path><\/svg><\/a>\n\t\t\t\t\t\t\t\t\t\t\t\t<a class=\"modula-icon-facebook\" href=\"#\"><svg aria-hidden=\"true\" data-prefix=\"fab\" data-icon=\"facebook-f\" class=\"svg-inline--fa fa-facebook-f fa-w-9\" role=\"img\" xmlns=\"http:\/\/www.w3.org\/2000\/svg\" viewBox=\"0 0 264 512\"><path fill=\"currentColor\" d=\"M76.7 512V283H0v-91h76.7v-71.7C76.7 42.4 124.3 0 193.8 0c33.3 0 61.9 2.5 70.2 3.6V85h-48.2c-37.8 0-45.1 18-45.1 44.3V192H256l-11.7 91h-73.6v229\"><\/path><\/svg><\/a>\n\t\t\t\t\t\t\t\t\t\t\t\t<a class=\"modula-icon-google-plus\" href=\"#\"><svg aria-hidden=\"true\" data-prefix=\"fab\" data-icon=\"google-plus-g\" class=\"svg-inline--fa fa-google-plus-g fa-w-20\" role=\"img\" xmlns=\"http:\/\/www.w3.org\/2000\/svg\" viewBox=\"0 0 640 512\"><path fill=\"currentColor\" d=\"M386.061 228.496c1.834 9.692 3.143 19.384 3.143 31.956C389.204 370.205 315.599 448 204.8 448c-106.084 0-192-85.915-192-192s85.916-192 192-192c51.864 0 95.083 18.859 128.611 50.292l-52.126 50.03c-14.145-13.621-39.028-29.599-76.485-29.599-65.484 0-118.92 54.221-118.92 121.277 0 67.056 53.436 121.277 118.92 121.277 75.961 0 104.513-54.745 108.965-82.773H204.8v-66.009h181.261zm185.406 6.437V179.2h-56.001v55.733h-55.733v56.001h55.733v55.733h56.001v-55.733H627.2v-56.001h-55.733z\"><\/path><\/svg><\/a>\n\t\t\t\t\t\t\t\t\t\t\t\t<a class=\"modula-icon-pinterest\" href=\"#\"><svg aria-hidden=\"true\" data-prefix=\"fab\" data-icon=\"pinterest-p\" class=\"svg-inline--fa fa-pinterest-p fa-w-12\" role=\"img\" xmlns=\"http:\/\/www.w3.org\/2000\/svg\" viewBox=\"0 0 384 512\"><path fill=\"currentColor\" d=\"M204 6.5C101.4 6.5 0 74.9 0 185.6 0 256 39.6 296 63.6 296c9.9 0 15.6-27.6 15.6-35.4 0-9.3-23.7-29.1-23.7-67.8 0-80.4 61.2-137.4 140.4-137.4 68.1 0 118.5 38.7 118.5 109.8 0 53.1-21.3 152.7-90.3 152.7-24.9 0-46.2-18-46.2-43.8 0-37.8 26.4-74.4 26.4-113.4 0-66.2-93.9-54.2-93.9 25.8 0 16.8 2.1 35.4 9.6 50.7-13.8 59.4-42 147.9-42 209.1 0 18.9 2.7 37.5 4.5 56.4 3.4 3.8 1.7 3.4 6.9 1.5 50.4-69 48.6-82.5 71.4-172.8 12.3 23.4 44.1 36 69.3 36 106.2 0 153.9-103.5 153.9-196.8C384 71.3 298.2 6.5 204 6.5z\"><\/path><\/svg><\/a>\n\t\t\t\t\t\t\t<\/div>\n\t\t\t\t\t<\/div>\n\t<\/div>\n<\/div><div class=\"item effect-pufrobo\" >\n\n\t\n\t\t\t<a href=\"https:\/\/reika.fi\/wp-content\/uploads\/2020\/09\/Kasper-juoksee-tuulihyrr\u00e4n-ymp\u00e4rill\u00e4-scaled.jpg\" title=\"\" data-lightbox=\"jtg-565-671\" class=\"tile-inner\"><\/a>\n\t\n\t\n\t<img decoding=\"async\" class='pic' data-valign=\"middle\" data-halign=\"center\" alt=\"\" src=\"https:\/\/reika.fi\/wp-content\/uploads\/2020\/09\/Kasper-juoksee-tuulihyrr\u00e4n-ymp\u00e4rill\u00e4-scaled-99999x500.jpg\" data-src=\"https:\/\/reika.fi\/wp-content\/uploads\/2020\/09\/Kasper-juoksee-tuulihyrr\u00e4n-ymp\u00e4rill\u00e4-scaled-99999x500.jpg\"\/>\n\n\t\n\t<div class=\"figc no-title no-description\">\n\t\t<div class=\"figc-inner\">\n\t\t\t\t\t\t\t<h2 class='jtg-title'><\/h2>\n\t\t\t\t\t\t\t\t\t\t<p class=\"description\"><\/p>\n\t\t\t\t\t\t\t\t\t<div class=\"jtg-social\">\n\t\t\t\t\t\t\t\t<a class=\"modula-icon-twitter\" href=\"#\"><svg aria-hidden=\"true\" data-prefix=\"fab\" data-icon=\"twitter\" class=\"svg-inline--fa fa-twitter fa-w-16\" role=\"img\" xmlns=\"http:\/\/www.w3.org\/2000\/svg\" viewBox=\"0 0 512 512\"><path fill=\"currentColor\" d=\"M459.37 151.716c.325 4.548.325 9.097.325 13.645 0 138.72-105.583 298.558-298.558 298.558-59.452 0-114.68-17.219-161.137-47.106 8.447.974 16.568 1.299 25.34 1.299 49.055 0 94.213-16.568 130.274-44.832-46.132-.975-84.792-31.188-98.112-72.772 6.498.974 12.995 1.624 19.818 1.624 9.421 0 18.843-1.3 27.614-3.573-48.081-9.747-84.143-51.98-84.143-102.985v-1.299c13.969 7.797 30.214 12.67 47.431 13.319-28.264-18.843-46.781-51.005-46.781-87.391 0-19.492 5.197-37.36 14.294-52.954 51.655 63.675 129.3 105.258 216.365 109.807-1.624-7.797-2.599-15.918-2.599-24.04 0-57.828 46.782-104.934 104.934-104.934 30.213 0 57.502 12.67 76.67 33.137 23.715-4.548 46.456-13.32 66.599-25.34-7.798 24.366-24.366 44.833-46.132 57.827 21.117-2.273 41.584-8.122 60.426-16.243-14.292 20.791-32.161 39.308-52.628 54.253z\"><\/path><\/svg><\/a>\n\t\t\t\t\t\t\t\t\t\t\t\t<a class=\"modula-icon-facebook\" href=\"#\"><svg aria-hidden=\"true\" data-prefix=\"fab\" data-icon=\"facebook-f\" class=\"svg-inline--fa fa-facebook-f fa-w-9\" role=\"img\" xmlns=\"http:\/\/www.w3.org\/2000\/svg\" viewBox=\"0 0 264 512\"><path fill=\"currentColor\" d=\"M76.7 512V283H0v-91h76.7v-71.7C76.7 42.4 124.3 0 193.8 0c33.3 0 61.9 2.5 70.2 3.6V85h-48.2c-37.8 0-45.1 18-45.1 44.3V192H256l-11.7 91h-73.6v229\"><\/path><\/svg><\/a>\n\t\t\t\t\t\t\t\t\t\t\t\t<a class=\"modula-icon-google-plus\" href=\"#\"><svg aria-hidden=\"true\" data-prefix=\"fab\" data-icon=\"google-plus-g\" class=\"svg-inline--fa fa-google-plus-g fa-w-20\" role=\"img\" xmlns=\"http:\/\/www.w3.org\/2000\/svg\" viewBox=\"0 0 640 512\"><path fill=\"currentColor\" d=\"M386.061 228.496c1.834 9.692 3.143 19.384 3.143 31.956C389.204 370.205 315.599 448 204.8 448c-106.084 0-192-85.915-192-192s85.916-192 192-192c51.864 0 95.083 18.859 128.611 50.292l-52.126 50.03c-14.145-13.621-39.028-29.599-76.485-29.599-65.484 0-118.92 54.221-118.92 121.277 0 67.056 53.436 121.277 118.92 121.277 75.961 0 104.513-54.745 108.965-82.773H204.8v-66.009h181.261zm185.406 6.437V179.2h-56.001v55.733h-55.733v56.001h55.733v55.733h56.001v-55.733H627.2v-56.001h-55.733z\"><\/path><\/svg><\/a>\n\t\t\t\t\t\t\t\t\t\t\t\t<a class=\"modula-icon-pinterest\" href=\"#\"><svg aria-hidden=\"true\" data-prefix=\"fab\" data-icon=\"pinterest-p\" class=\"svg-inline--fa fa-pinterest-p fa-w-12\" role=\"img\" xmlns=\"http:\/\/www.w3.org\/2000\/svg\" viewBox=\"0 0 384 512\"><path fill=\"currentColor\" d=\"M204 6.5C101.4 6.5 0 74.9 0 185.6 0 256 39.6 296 63.6 296c9.9 0 15.6-27.6 15.6-35.4 0-9.3-23.7-29.1-23.7-67.8 0-80.4 61.2-137.4 140.4-137.4 68.1 0 118.5 38.7 118.5 109.8 0 53.1-21.3 152.7-90.3 152.7-24.9 0-46.2-18-46.2-43.8 0-37.8 26.4-74.4 26.4-113.4 0-66.2-93.9-54.2-93.9 25.8 0 16.8 2.1 35.4 9.6 50.7-13.8 59.4-42 147.9-42 209.1 0 18.9 2.7 37.5 4.5 56.4 3.4 3.8 1.7 3.4 6.9 1.5 50.4-69 48.6-82.5 71.4-172.8 12.3 23.4 44.1 36 69.3 36 106.2 0 153.9-103.5 153.9-196.8C384 71.3 298.2 6.5 204 6.5z\"><\/path><\/svg><\/a>\n\t\t\t\t\t\t\t<\/div>\n\t\t\t\t\t<\/div>\n\t<\/div>\n<\/div><div class=\"item effect-pufrobo\" >\n\n\t\n\t\t\t<a href=\"https:\/\/reika.fi\/wp-content\/uploads\/2020\/09\/Windmill2-scaled.jpg\" title=\"\" data-lightbox=\"jtg-565-671\" class=\"tile-inner\"><\/a>\n\t\n\t\n\t<img decoding=\"async\" class='pic' data-valign=\"middle\" data-halign=\"center\" alt=\"\" src=\"https:\/\/reika.fi\/wp-content\/uploads\/2020\/09\/Windmill2-scaled-500x99999.jpg\" data-src=\"https:\/\/reika.fi\/wp-content\/uploads\/2020\/09\/Windmill2-scaled-500x99999.jpg\"\/>\n\n\t\n\t<div class=\"figc no-title no-description\">\n\t\t<div class=\"figc-inner\">\n\t\t\t\t\t\t\t<h2 class='jtg-title'><\/h2>\n\t\t\t\t\t\t\t\t\t\t<p class=\"description\"><\/p>\n\t\t\t\t\t\t\t\t\t<div class=\"jtg-social\">\n\t\t\t\t\t\t\t\t<a class=\"modula-icon-twitter\" href=\"#\"><svg aria-hidden=\"true\" data-prefix=\"fab\" data-icon=\"twitter\" class=\"svg-inline--fa fa-twitter fa-w-16\" role=\"img\" xmlns=\"http:\/\/www.w3.org\/2000\/svg\" viewBox=\"0 0 512 512\"><path fill=\"currentColor\" d=\"M459.37 151.716c.325 4.548.325 9.097.325 13.645 0 138.72-105.583 298.558-298.558 298.558-59.452 0-114.68-17.219-161.137-47.106 8.447.974 16.568 1.299 25.34 1.299 49.055 0 94.213-16.568 130.274-44.832-46.132-.975-84.792-31.188-98.112-72.772 6.498.974 12.995 1.624 19.818 1.624 9.421 0 18.843-1.3 27.614-3.573-48.081-9.747-84.143-51.98-84.143-102.985v-1.299c13.969 7.797 30.214 12.67 47.431 13.319-28.264-18.843-46.781-51.005-46.781-87.391 0-19.492 5.197-37.36 14.294-52.954 51.655 63.675 129.3 105.258 216.365 109.807-1.624-7.797-2.599-15.918-2.599-24.04 0-57.828 46.782-104.934 104.934-104.934 30.213 0 57.502 12.67 76.67 33.137 23.715-4.548 46.456-13.32 66.599-25.34-7.798 24.366-24.366 44.833-46.132 57.827 21.117-2.273 41.584-8.122 60.426-16.243-14.292 20.791-32.161 39.308-52.628 54.253z\"><\/path><\/svg><\/a>\n\t\t\t\t\t\t\t\t\t\t\t\t<a class=\"modula-icon-facebook\" href=\"#\"><svg aria-hidden=\"true\" data-prefix=\"fab\" data-icon=\"facebook-f\" class=\"svg-inline--fa fa-facebook-f fa-w-9\" role=\"img\" xmlns=\"http:\/\/www.w3.org\/2000\/svg\" viewBox=\"0 0 264 512\"><path fill=\"currentColor\" d=\"M76.7 512V283H0v-91h76.7v-71.7C76.7 42.4 124.3 0 193.8 0c33.3 0 61.9 2.5 70.2 3.6V85h-48.2c-37.8 0-45.1 18-45.1 44.3V192H256l-11.7 91h-73.6v229\"><\/path><\/svg><\/a>\n\t\t\t\t\t\t\t\t\t\t\t\t<a class=\"modula-icon-google-plus\" href=\"#\"><svg aria-hidden=\"true\" data-prefix=\"fab\" data-icon=\"google-plus-g\" class=\"svg-inline--fa fa-google-plus-g fa-w-20\" role=\"img\" xmlns=\"http:\/\/www.w3.org\/2000\/svg\" viewBox=\"0 0 640 512\"><path fill=\"currentColor\" d=\"M386.061 228.496c1.834 9.692 3.143 19.384 3.143 31.956C389.204 370.205 315.599 448 204.8 448c-106.084 0-192-85.915-192-192s85.916-192 192-192c51.864 0 95.083 18.859 128.611 50.292l-52.126 50.03c-14.145-13.621-39.028-29.599-76.485-29.599-65.484 0-118.92 54.221-118.92 121.277 0 67.056 53.436 121.277 118.92 121.277 75.961 0 104.513-54.745 108.965-82.773H204.8v-66.009h181.261zm185.406 6.437V179.2h-56.001v55.733h-55.733v56.001h55.733v55.733h56.001v-55.733H627.2v-56.001h-55.733z\"><\/path><\/svg><\/a>\n\t\t\t\t\t\t\t\t\t\t\t\t<a class=\"modula-icon-pinterest\" href=\"#\"><svg aria-hidden=\"true\" data-prefix=\"fab\" data-icon=\"pinterest-p\" class=\"svg-inline--fa fa-pinterest-p fa-w-12\" role=\"img\" xmlns=\"http:\/\/www.w3.org\/2000\/svg\" viewBox=\"0 0 384 512\"><path fill=\"currentColor\" d=\"M204 6.5C101.4 6.5 0 74.9 0 185.6 0 256 39.6 296 63.6 296c9.9 0 15.6-27.6 15.6-35.4 0-9.3-23.7-29.1-23.7-67.8 0-80.4 61.2-137.4 140.4-137.4 68.1 0 118.5 38.7 118.5 109.8 0 53.1-21.3 152.7-90.3 152.7-24.9 0-46.2-18-46.2-43.8 0-37.8 26.4-74.4 26.4-113.4 0-66.2-93.9-54.2-93.9 25.8 0 16.8 2.1 35.4 9.6 50.7-13.8 59.4-42 147.9-42 209.1 0 18.9 2.7 37.5 4.5 56.4 3.4 3.8 1.7 3.4 6.9 1.5 50.4-69 48.6-82.5 71.4-172.8 12.3 23.4 44.1 36 69.3 36 106.2 0 153.9-103.5 153.9-196.8C384 71.3 298.2 6.5 204 6.5z\"><\/path><\/svg><\/a>\n\t\t\t\t\t\t\t<\/div>\n\t\t\t\t\t<\/div>\n\t<\/div>\n<\/div><div class=\"item effect-pufrobo\" >\n\n\t\n\t\t\t<a href=\"https:\/\/reika.fi\/wp-content\/uploads\/2020\/09\/Windmill1-scaled.jpg\" title=\"\" data-lightbox=\"jtg-565-671\" class=\"tile-inner\"><\/a>\n\t\n\t\n\t<img decoding=\"async\" class='pic' data-valign=\"middle\" data-halign=\"center\" alt=\"\" src=\"https:\/\/reika.fi\/wp-content\/uploads\/2020\/09\/Windmill1-scaled-500x99999.jpg\" data-src=\"https:\/\/reika.fi\/wp-content\/uploads\/2020\/09\/Windmill1-scaled-500x99999.jpg\"\/>\n\n\t\n\t<div class=\"figc no-title no-description\">\n\t\t<div class=\"figc-inner\">\n\t\t\t\t\t\t\t<h2 class='jtg-title'><\/h2>\n\t\t\t\t\t\t\t\t\t\t<p class=\"description\"><\/p>\n\t\t\t\t\t\t\t\t\t<div class=\"jtg-social\">\n\t\t\t\t\t\t\t\t<a class=\"modula-icon-twitter\" href=\"#\"><svg aria-hidden=\"true\" data-prefix=\"fab\" data-icon=\"twitter\" class=\"svg-inline--fa fa-twitter fa-w-16\" role=\"img\" xmlns=\"http:\/\/www.w3.org\/2000\/svg\" viewBox=\"0 0 512 512\"><path fill=\"currentColor\" d=\"M459.37 151.716c.325 4.548.325 9.097.325 13.645 0 138.72-105.583 298.558-298.558 298.558-59.452 0-114.68-17.219-161.137-47.106 8.447.974 16.568 1.299 25.34 1.299 49.055 0 94.213-16.568 130.274-44.832-46.132-.975-84.792-31.188-98.112-72.772 6.498.974 12.995 1.624 19.818 1.624 9.421 0 18.843-1.3 27.614-3.573-48.081-9.747-84.143-51.98-84.143-102.985v-1.299c13.969 7.797 30.214 12.67 47.431 13.319-28.264-18.843-46.781-51.005-46.781-87.391 0-19.492 5.197-37.36 14.294-52.954 51.655 63.675 129.3 105.258 216.365 109.807-1.624-7.797-2.599-15.918-2.599-24.04 0-57.828 46.782-104.934 104.934-104.934 30.213 0 57.502 12.67 76.67 33.137 23.715-4.548 46.456-13.32 66.599-25.34-7.798 24.366-24.366 44.833-46.132 57.827 21.117-2.273 41.584-8.122 60.426-16.243-14.292 20.791-32.161 39.308-52.628 54.253z\"><\/path><\/svg><\/a>\n\t\t\t\t\t\t\t\t\t\t\t\t<a class=\"modula-icon-facebook\" href=\"#\"><svg aria-hidden=\"true\" data-prefix=\"fab\" data-icon=\"facebook-f\" class=\"svg-inline--fa fa-facebook-f fa-w-9\" role=\"img\" xmlns=\"http:\/\/www.w3.org\/2000\/svg\" viewBox=\"0 0 264 512\"><path fill=\"currentColor\" d=\"M76.7 512V283H0v-91h76.7v-71.7C76.7 42.4 124.3 0 193.8 0c33.3 0 61.9 2.5 70.2 3.6V85h-48.2c-37.8 0-45.1 18-45.1 44.3V192H256l-11.7 91h-73.6v229\"><\/path><\/svg><\/a>\n\t\t\t\t\t\t\t\t\t\t\t\t<a class=\"modula-icon-google-plus\" href=\"#\"><svg aria-hidden=\"true\" data-prefix=\"fab\" data-icon=\"google-plus-g\" class=\"svg-inline--fa fa-google-plus-g fa-w-20\" role=\"img\" xmlns=\"http:\/\/www.w3.org\/2000\/svg\" viewBox=\"0 0 640 512\"><path fill=\"currentColor\" d=\"M386.061 228.496c1.834 9.692 3.143 19.384 3.143 31.956C389.204 370.205 315.599 448 204.8 448c-106.084 0-192-85.915-192-192s85.916-192 192-192c51.864 0 95.083 18.859 128.611 50.292l-52.126 50.03c-14.145-13.621-39.028-29.599-76.485-29.599-65.484 0-118.92 54.221-118.92 121.277 0 67.056 53.436 121.277 118.92 121.277 75.961 0 104.513-54.745 108.965-82.773H204.8v-66.009h181.261zm185.406 6.437V179.2h-56.001v55.733h-55.733v56.001h55.733v55.733h56.001v-55.733H627.2v-56.001h-55.733z\"><\/path><\/svg><\/a>\n\t\t\t\t\t\t\t\t\t\t\t\t<a class=\"modula-icon-pinterest\" href=\"#\"><svg aria-hidden=\"true\" data-prefix=\"fab\" data-icon=\"pinterest-p\" class=\"svg-inline--fa fa-pinterest-p fa-w-12\" role=\"img\" xmlns=\"http:\/\/www.w3.org\/2000\/svg\" viewBox=\"0 0 384 512\"><path fill=\"currentColor\" d=\"M204 6.5C101.4 6.5 0 74.9 0 185.6 0 256 39.6 296 63.6 296c9.9 0 15.6-27.6 15.6-35.4 0-9.3-23.7-29.1-23.7-67.8 0-80.4 61.2-137.4 140.4-137.4 68.1 0 118.5 38.7 118.5 109.8 0 53.1-21.3 152.7-90.3 152.7-24.9 0-46.2-18-46.2-43.8 0-37.8 26.4-74.4 26.4-113.4 0-66.2-93.9-54.2-93.9 25.8 0 16.8 2.1 35.4 9.6 50.7-13.8 59.4-42 147.9-42 209.1 0 18.9 2.7 37.5 4.5 56.4 3.4 3.8 1.7 3.4 6.9 1.5 50.4-69 48.6-82.5 71.4-172.8 12.3 23.4 44.1 36 69.3 36 106.2 0 153.9-103.5 153.9-196.8C384 71.3 298.2 6.5 204 6.5z\"><\/path><\/svg><\/a>\n\t\t\t\t\t\t\t<\/div>\n\t\t\t\t\t<\/div>\n\t<\/div>\n<\/div>\t<\/div>\n\n\t\n<\/div>\n","protected":false},"excerpt":{"rendered":"","protected":false},"author":1,"featured_media":0,"parent":0,"menu_order":0,"comment_status":"closed","ping_status":"closed","template":"","meta":{"footnotes":""},"_links":{"self":[{"href":"https:\/\/reika.fi\/index.php\/wp-json\/wp\/v2\/pages\/442"}],"collection":[{"href":"https:\/\/reika.fi\/index.php\/wp-json\/wp\/v2\/pages"}],"about":[{"href":"https:\/\/reika.fi\/index.php\/wp-json\/wp\/v2\/types\/page"}],"author":[{"embeddable":true,"href":"https:\/\/reika.fi\/index.php\/wp-json\/wp\/v2\/users\/1"}],"replies":[{"embeddable":true,"href":"https:\/\/reika.fi\/index.php\/wp-json\/wp\/v2\/comments?post=442"}],"version-history":[{"count":3,"href":"https:\/\/reika.fi\/index.php\/wp-json\/wp\/v2\/pages\/442\/revisions"}],"predecessor-version":[{"id":571,"href":"https:\/\/reika.fi\/index.php\/wp-json\/wp\/v2\/pages\/442\/revisions\/571"}],"wp:attachment":[{"href":"https:\/\/reika.fi\/index.php\/wp-json\/wp\/v2\/media?parent=442"}],"curies":[{"name":"wp","href":"https:\/\/api.w.org\/{rel}","templated":true}]}}